{"id":40112,"date":"2022-09-02T14:29:43","date_gmt":"2022-09-02T12:29:43","guid":{"rendered":"https:\/\/wellisparts.com\/?page_id=40112"},"modified":"2022-09-02T14:29:43","modified_gmt":"2022-09-02T12:29:43","slug":"request-for-quotation-sent","status":"publish","type":"page","link":"https:\/\/wellisparts.com\/en\/request-a-quote\/request-for-quotation-sent\/","title":{"rendered":"Request for quotation sent"},"content":{"rendered":"<div class=\"wpb-content-wrapper\"><p>[vc_row full_height=&#8221;yes&#8221; content_placement=&#8221;middle&#8221;][vc_column text_align=&#8221;center&#8221;][vc_column_text]<\/p>\n<h2 style=\"text-align: center;\">Request for quotation sent successfully. We will contact you within 2 business days.<\/h2>\n<p>[\/vc_column_text][vc_empty_space][vc_btn title=&#8221;Back to Homepage&#8221; i_icon_fontawesome=&#8221;fas fa-long-arrow-alt-left&#8221; add_icon=&#8221;true&#8221; link=&#8221;url:https%3A%2F%2Fwellisparts.com%2Fen%2F|title:Home|&#8221;][\/vc_column][\/vc_row]<\/p>\n<\/div>","protected":false},"excerpt":{"rendered":"<p>[vc_row full_height=&#8221;yes&#8221; content_placement=&#8221;middle&#8221;][vc_column text_align=&#8221;center&#8221;][vc_column_text] Request for quotation sent successfully. We will contact you within 2 business days. [\/vc_column_text][vc_empty_space][vc_btn title=&#8221;Back to Homepage&#8221; i_icon_fontawesome=&#8221;fas fa-long-arrow-alt-left&#8221; add_icon=&#8221;true&#8221; link=&#8221;url:https%3A%2F%2Fwellisparts.com%2Fen%2F|title:Home|&#8221;][\/vc_column][\/vc_row]<\/p>\n","protected":false},"author":324,"featured_media":0,"parent":27180,"menu_order":0,"comment_status":"closed","ping_status":"closed","template":"","meta":{"_acf_changed":false,"footnotes":""},"class_list":["post-40112","page","type-page","status-publish","hentry"],"acf":[],"yoast_head":"<!-- This site is optimized with the Yoast SEO Premium plugin v27.5 (Yoast SEO v27.5) - https:\/\/yoast.com\/product\/yoast-seo-premium-wordpress\/ -->\n<title>Request for quotation sent | Wellisparts<\/title>\n<meta name=\"robots\" content=\"index, follow, max-snippet:-1, max-image-preview:large, max-video-preview:-1\" \/>\n<link rel=\"canonical\" href=\"https:\/\/wellisparts.com\/en\/request-a-quote\/request-for-quotation-sent\/\" \/>\n<meta property=\"og:locale\" content=\"en_US\" \/>\n<meta property=\"og:type\" content=\"article\" \/>\n<meta property=\"og:title\" content=\"Request for quotation sent\" \/>\n<meta property=\"og:description\" content=\"[vc_row full_height=&#8221;yes&#8221; content_placement=&#8221;middle&#8221;][vc_column text_align=&#8221;center&#8221;][vc_column_text] Request for quotation sent successfully. We will contact you within 2 business days. [\/vc_column_text][vc_empty_space][vc_btn title=&#8221;Back to Homepage&#8221; i_icon_fontawesome=&#8221;fas fa-long-arrow-alt-left&#8221; add_icon=&#8221;true&#8221; link=&#8221;url:https%3A%2F%2Fwellisparts.com%2Fen%2F|title:Home|&#8221;][\/vc_column][\/vc_row]\" \/>\n<meta property=\"og:url\" content=\"https:\/\/wellisparts.com\/en\/request-a-quote\/request-for-quotation-sent\/\" \/>\n<meta property=\"og:site_name\" content=\"Wellisparts\" \/>\n<meta property=\"article:publisher\" content=\"https:\/\/www.facebook.com\/wellis.eu\" \/>\n<meta property=\"og:image\" content=\"https:\/\/wellisparts.com\/wp-content\/uploads\/2020\/04\/wellis-hot-tube.jpg\" \/>\n\t<meta property=\"og:image:width\" content=\"1080\" \/>\n\t<meta property=\"og:image:height\" content=\"1080\" \/>\n\t<meta property=\"og:image:type\" content=\"image\/jpeg\" \/>\n<meta name=\"twitter:card\" content=\"summary_large_image\" \/>\n<meta name=\"twitter:label1\" content=\"Est. reading time\" \/>\n\t<meta name=\"twitter:data1\" content=\"1 minute\" \/>\n<script type=\"application\/ld+json\" class=\"yoast-schema-graph\">{\"@context\":\"https:\\\/\\\/schema.org\",\"@graph\":[{\"@type\":\"WebPage\",\"@id\":\"https:\\\/\\\/wellisparts.com\\\/en\\\/request-a-quote\\\/request-for-quotation-sent\\\/\",\"url\":\"https:\\\/\\\/wellisparts.com\\\/en\\\/request-a-quote\\\/request-for-quotation-sent\\\/\",\"name\":\"Request for quotation sent | Wellisparts\",\"isPartOf\":{\"@id\":\"https:\\\/\\\/wellisparts.com\\\/en\\\/#website\"},\"datePublished\":\"2022-09-02T12:29:43+00:00\",\"breadcrumb\":{\"@id\":\"https:\\\/\\\/wellisparts.com\\\/en\\\/request-a-quote\\\/request-for-quotation-sent\\\/#breadcrumb\"},\"inLanguage\":\"en-US\",\"potentialAction\":[{\"@type\":\"ReadAction\",\"target\":[\"https:\\\/\\\/wellisparts.com\\\/en\\\/request-a-quote\\\/request-for-quotation-sent\\\/\"]}]},{\"@type\":\"BreadcrumbList\",\"@id\":\"https:\\\/\\\/wellisparts.com\\\/en\\\/request-a-quote\\\/request-for-quotation-sent\\\/#breadcrumb\",\"itemListElement\":[{\"@type\":\"ListItem\",\"position\":1,\"name\":\"Home\",\"item\":\"https:\\\/\\\/wellisparts.com\\\/en\\\/\"},{\"@type\":\"ListItem\",\"position\":2,\"name\":\"Request a quote\",\"item\":\"https:\\\/\\\/wellisparts.com\\\/en\\\/request-a-quote\\\/\"},{\"@type\":\"ListItem\",\"position\":3,\"name\":\"Request for quotation sent\"}]},{\"@type\":\"WebSite\",\"@id\":\"https:\\\/\\\/wellisparts.com\\\/en\\\/#website\",\"url\":\"https:\\\/\\\/wellisparts.com\\\/en\\\/\",\"name\":\"Wellisparts\",\"description\":\"Wellis alkatr\u00e9sz \u00e9s kieg\u00e9sz\u00edt\u0151 webshop\",\"publisher\":{\"@id\":\"https:\\\/\\\/wellisparts.com\\\/en\\\/#organization\"},\"potentialAction\":[{\"@type\":\"SearchAction\",\"target\":{\"@type\":\"EntryPoint\",\"urlTemplate\":\"https:\\\/\\\/wellisparts.com\\\/en\\\/?s={search_term_string}\"},\"query-input\":{\"@type\":\"PropertyValueSpecification\",\"valueRequired\":true,\"valueName\":\"search_term_string\"}}],\"inLanguage\":\"en-US\"},{\"@type\":\"Organization\",\"@id\":\"https:\\\/\\\/wellisparts.com\\\/en\\\/#organization\",\"name\":\"Wellis\",\"url\":\"https:\\\/\\\/wellisparts.com\\\/en\\\/\",\"logo\":{\"@type\":\"ImageObject\",\"inLanguage\":\"en-US\",\"@id\":\"https:\\\/\\\/wellisparts.com\\\/en\\\/#\\\/schema\\\/logo\\\/image\\\/\",\"url\":\"https:\\\/\\\/wellisparts.com\\\/wp-content\\\/uploads\\\/2020\\\/04\\\/wellis-logo-gray-300x92-1.png\",\"contentUrl\":\"https:\\\/\\\/wellisparts.com\\\/wp-content\\\/uploads\\\/2020\\\/04\\\/wellis-logo-gray-300x92-1.png\",\"width\":300,\"height\":92,\"caption\":\"Wellis\"},\"image\":{\"@id\":\"https:\\\/\\\/wellisparts.com\\\/en\\\/#\\\/schema\\\/logo\\\/image\\\/\"},\"sameAs\":[\"https:\\\/\\\/www.facebook.com\\\/wellis.eu\",\"https:\\\/\\\/www.instagram.com\\\/wellis.spa\\\/\",\"https:\\\/\\\/www.linkedin.com\\\/company\\\/wellis\",\"https:\\\/\\\/www.youtube.com\\\/channel\\\/UCBfTfURbofhapZionQfC-Gg\"]}]}<\/script>\n<!-- \/ Yoast SEO Premium plugin. -->","yoast_head_json":{"title":"Request for quotation sent | Wellisparts","robots":{"index":"index","follow":"follow","max-snippet":"max-snippet:-1","max-image-preview":"max-image-preview:large","max-video-preview":"max-video-preview:-1"},"canonical":"https:\/\/wellisparts.com\/en\/request-a-quote\/request-for-quotation-sent\/","og_locale":"en_US","og_type":"article","og_title":"Request for quotation sent","og_description":"[vc_row full_height=&#8221;yes&#8221; content_placement=&#8221;middle&#8221;][vc_column text_align=&#8221;center&#8221;][vc_column_text] Request for quotation sent successfully. We will contact you within 2 business days. [\/vc_column_text][vc_empty_space][vc_btn title=&#8221;Back to Homepage&#8221; i_icon_fontawesome=&#8221;fas fa-long-arrow-alt-left&#8221; add_icon=&#8221;true&#8221; link=&#8221;url:https%3A%2F%2Fwellisparts.com%2Fen%2F|title:Home|&#8221;][\/vc_column][\/vc_row]","og_url":"https:\/\/wellisparts.com\/en\/request-a-quote\/request-for-quotation-sent\/","og_site_name":"Wellisparts","article_publisher":"https:\/\/www.facebook.com\/wellis.eu","og_image":[{"width":1080,"height":1080,"url":"https:\/\/wellisparts.com\/wp-content\/uploads\/2020\/04\/wellis-hot-tube.jpg","type":"image\/jpeg"}],"twitter_card":"summary_large_image","twitter_misc":{"Est. reading time":"1 minute"},"schema":{"@context":"https:\/\/schema.org","@graph":[{"@type":"WebPage","@id":"https:\/\/wellisparts.com\/en\/request-a-quote\/request-for-quotation-sent\/","url":"https:\/\/wellisparts.com\/en\/request-a-quote\/request-for-quotation-sent\/","name":"Request for quotation sent | Wellisparts","isPartOf":{"@id":"https:\/\/wellisparts.com\/en\/#website"},"datePublished":"2022-09-02T12:29:43+00:00","breadcrumb":{"@id":"https:\/\/wellisparts.com\/en\/request-a-quote\/request-for-quotation-sent\/#breadcrumb"},"inLanguage":"en-US","potentialAction":[{"@type":"ReadAction","target":["https:\/\/wellisparts.com\/en\/request-a-quote\/request-for-quotation-sent\/"]}]},{"@type":"BreadcrumbList","@id":"https:\/\/wellisparts.com\/en\/request-a-quote\/request-for-quotation-sent\/#breadcrumb","itemListElement":[{"@type":"ListItem","position":1,"name":"Home","item":"https:\/\/wellisparts.com\/en\/"},{"@type":"ListItem","position":2,"name":"Request a quote","item":"https:\/\/wellisparts.com\/en\/request-a-quote\/"},{"@type":"ListItem","position":3,"name":"Request for quotation sent"}]},{"@type":"WebSite","@id":"https:\/\/wellisparts.com\/en\/#website","url":"https:\/\/wellisparts.com\/en\/","name":"Wellisparts","description":"Wellis alkatr\u00e9sz \u00e9s kieg\u00e9sz\u00edt\u0151 webshop","publisher":{"@id":"https:\/\/wellisparts.com\/en\/#organization"},"potentialAction":[{"@type":"SearchAction","target":{"@type":"EntryPoint","urlTemplate":"https:\/\/wellisparts.com\/en\/?s={search_term_string}"},"query-input":{"@type":"PropertyValueSpecification","valueRequired":true,"valueName":"search_term_string"}}],"inLanguage":"en-US"},{"@type":"Organization","@id":"https:\/\/wellisparts.com\/en\/#organization","name":"Wellis","url":"https:\/\/wellisparts.com\/en\/","logo":{"@type":"ImageObject","inLanguage":"en-US","@id":"https:\/\/wellisparts.com\/en\/#\/schema\/logo\/image\/","url":"https:\/\/wellisparts.com\/wp-content\/uploads\/2020\/04\/wellis-logo-gray-300x92-1.png","contentUrl":"https:\/\/wellisparts.com\/wp-content\/uploads\/2020\/04\/wellis-logo-gray-300x92-1.png","width":300,"height":92,"caption":"Wellis"},"image":{"@id":"https:\/\/wellisparts.com\/en\/#\/schema\/logo\/image\/"},"sameAs":["https:\/\/www.facebook.com\/wellis.eu","https:\/\/www.instagram.com\/wellis.spa\/","https:\/\/www.linkedin.com\/company\/wellis","https:\/\/www.youtube.com\/channel\/UCBfTfURbofhapZionQfC-Gg"]}]}},"_links":{"self":[{"href":"https:\/\/wellisparts.com\/en\/wp-json\/wp\/v2\/pages\/40112","targetHints":{"allow":["GET"]}}],"collection":[{"href":"https:\/\/wellisparts.com\/en\/wp-json\/wp\/v2\/pages"}],"about":[{"href":"https:\/\/wellisparts.com\/en\/wp-json\/wp\/v2\/types\/page"}],"author":[{"embeddable":true,"href":"https:\/\/wellisparts.com\/en\/wp-json\/wp\/v2\/users\/324"}],"replies":[{"embeddable":true,"href":"https:\/\/wellisparts.com\/en\/wp-json\/wp\/v2\/comments?post=40112"}],"version-history":[{"count":5,"href":"https:\/\/wellisparts.com\/en\/wp-json\/wp\/v2\/pages\/40112\/revisions"}],"predecessor-version":[{"id":41022,"href":"https:\/\/wellisparts.com\/en\/wp-json\/wp\/v2\/pages\/40112\/revisions\/41022"}],"up":[{"embeddable":true,"href":"https:\/\/wellisparts.com\/en\/wp-json\/wp\/v2\/pages\/27180"}],"wp:attachment":[{"href":"https:\/\/wellisparts.com\/en\/wp-json\/wp\/v2\/media?parent=40112"}],"curies":[{"name":"wp","href":"https:\/\/api.w.org\/{rel}","templated":true}]}}