{"id":40109,"date":"2022-05-13T17:30:11","date_gmt":"2022-05-13T15:30:11","guid":{"rendered":"https:\/\/wellisparts.com\/?page_id=40109"},"modified":"2022-09-02T14:21:33","modified_gmt":"2022-09-02T12:21:33","slug":"ajanlatkeres-elkuldve","status":"publish","type":"page","link":"https:\/\/wellisparts.com\/hu\/ajanlatkeres\/ajanlatkeres-elkuldve\/","title":{"rendered":"Aj\u00e1nlatk\u00e9r\u00e9s elk\u00fcldve"},"content":{"rendered":"<div class=\"wpb-content-wrapper\"><p>[vc_row full_height=&#8221;yes&#8221; content_placement=&#8221;middle&#8221;][vc_column text_align=&#8221;center&#8221;][vc_column_text]<\/p>\n<h2 style=\"text-align: center;\">Aj\u00e1nlatk\u00e9r\u00e9s sikeresen elk\u00fcldve. 2 munkanapon bel\u00fcl keresni fogjuk.<\/h2>\n<p>[\/vc_column_text][vc_empty_space][vc_btn title=&#8221;Vissza a f\u0151oldalra&#8221; i_icon_fontawesome=&#8221;fas fa-long-arrow-alt-left&#8221; add_icon=&#8221;true&#8221; link=&#8221;url:https%3A%2F%2Fwellisparts.com%2Fhu%2F|title:F%C5%91oldal&#8221;][\/vc_column][\/vc_row]<\/p>\n<\/div>","protected":false},"excerpt":{"rendered":"<p>[vc_row full_height=&#8221;yes&#8221; content_placement=&#8221;middle&#8221;][vc_column text_align=&#8221;center&#8221;][vc_column_text] Aj\u00e1nlatk\u00e9r\u00e9s sikeresen elk\u00fcldve. 2 munkanapon bel\u00fcl keresni fogjuk. [\/vc_column_text][vc_empty_space][vc_btn title=&#8221;Vissza a f\u0151oldalra&#8221; i_icon_fontawesome=&#8221;fas fa-long-arrow-alt-left&#8221; add_icon=&#8221;true&#8221; link=&#8221;url:https%3A%2F%2Fwellisparts.com%2Fhu%2F|title:F%C5%91oldal&#8221;][\/vc_column][\/vc_row]<\/p>\n","protected":false},"author":324,"featured_media":0,"parent":2882,"menu_order":0,"comment_status":"closed","ping_status":"closed","template":"","meta":{"_acf_changed":false,"footnotes":""},"class_list":["post-40109","page","type-page","status-publish","hentry"],"acf":[],"yoast_head":"<!-- This site is optimized with the Yoast SEO Premium plugin v27.5 (Yoast SEO v27.5) - https:\/\/yoast.com\/product\/yoast-seo-premium-wordpress\/ -->\n<title>Aj\u00e1nlatk\u00e9r\u00e9s elk\u00fcldve | Wellisparts<\/title>\n<meta name=\"robots\" content=\"index, follow, max-snippet:-1, max-image-preview:large, max-video-preview:-1\" \/>\n<link rel=\"canonical\" href=\"https:\/\/wellisparts.com\/hu\/ajanlatkeres\/ajanlatkeres-elkuldve\/\" \/>\n<meta property=\"og:locale\" content=\"hu_HU\" \/>\n<meta property=\"og:type\" content=\"article\" \/>\n<meta property=\"og:title\" content=\"Aj\u00e1nlatk\u00e9r\u00e9s elk\u00fcldve\" \/>\n<meta property=\"og:description\" content=\"[vc_row full_height=&#8221;yes&#8221; content_placement=&#8221;middle&#8221;][vc_column text_align=&#8221;center&#8221;][vc_column_text] Aj\u00e1nlatk\u00e9r\u00e9s sikeresen elk\u00fcldve. 2 munkanapon bel\u00fcl keresni fogjuk. [\/vc_column_text][vc_empty_space][vc_btn title=&#8221;Vissza a f\u0151oldalra&#8221; i_icon_fontawesome=&#8221;fas fa-long-arrow-alt-left&#8221; add_icon=&#8221;true&#8221; link=&#8221;url:https%3A%2F%2Fwellisparts.com%2Fhu%2F|title:F%C5%91oldal&#8221;][\/vc_column][\/vc_row]\" \/>\n<meta property=\"og:url\" content=\"https:\/\/wellisparts.com\/hu\/ajanlatkeres\/ajanlatkeres-elkuldve\/\" \/>\n<meta property=\"og:site_name\" content=\"Wellisparts\" \/>\n<meta property=\"article:publisher\" content=\"https:\/\/www.facebook.com\/wellis.eu\" \/>\n<meta property=\"article:modified_time\" content=\"2022-09-02T12:21:33+00:00\" \/>\n<meta property=\"og:image\" content=\"https:\/\/wellisparts.com\/wp-content\/uploads\/2020\/04\/wellis-hot-tube.jpg\" \/>\n\t<meta property=\"og:image:width\" content=\"1080\" \/>\n\t<meta property=\"og:image:height\" content=\"1080\" \/>\n\t<meta property=\"og:image:type\" content=\"image\/jpeg\" \/>\n<meta name=\"twitter:card\" content=\"summary_large_image\" \/>\n<meta name=\"twitter:label1\" content=\"Becs\u00fclt olvas\u00e1si id\u0151\" \/>\n\t<meta name=\"twitter:data1\" content=\"1 perc\" \/>\n<script type=\"application\/ld+json\" class=\"yoast-schema-graph\">{\"@context\":\"https:\\\/\\\/schema.org\",\"@graph\":[{\"@type\":\"WebPage\",\"@id\":\"https:\\\/\\\/wellisparts.com\\\/hu\\\/ajanlatkeres\\\/ajanlatkeres-elkuldve\\\/\",\"url\":\"https:\\\/\\\/wellisparts.com\\\/hu\\\/ajanlatkeres\\\/ajanlatkeres-elkuldve\\\/\",\"name\":\"Aj\u00e1nlatk\u00e9r\u00e9s elk\u00fcldve | Wellisparts\",\"isPartOf\":{\"@id\":\"https:\\\/\\\/wellisparts.com\\\/hu\\\/#website\"},\"datePublished\":\"2022-05-13T15:30:11+00:00\",\"dateModified\":\"2022-09-02T12:21:33+00:00\",\"breadcrumb\":{\"@id\":\"https:\\\/\\\/wellisparts.com\\\/hu\\\/ajanlatkeres\\\/ajanlatkeres-elkuldve\\\/#breadcrumb\"},\"inLanguage\":\"hu\",\"potentialAction\":[{\"@type\":\"ReadAction\",\"target\":[\"https:\\\/\\\/wellisparts.com\\\/hu\\\/ajanlatkeres\\\/ajanlatkeres-elkuldve\\\/\"]}]},{\"@type\":\"BreadcrumbList\",\"@id\":\"https:\\\/\\\/wellisparts.com\\\/hu\\\/ajanlatkeres\\\/ajanlatkeres-elkuldve\\\/#breadcrumb\",\"itemListElement\":[{\"@type\":\"ListItem\",\"position\":1,\"name\":\"Home\",\"item\":\"https:\\\/\\\/wellisparts.com\\\/hu\\\/\"},{\"@type\":\"ListItem\",\"position\":2,\"name\":\"Aj\u00e1nlatk\u00e9r\u00e9s\",\"item\":\"https:\\\/\\\/wellisparts.com\\\/hu\\\/ajanlatkeres\\\/\"},{\"@type\":\"ListItem\",\"position\":3,\"name\":\"Aj\u00e1nlatk\u00e9r\u00e9s elk\u00fcldve\"}]},{\"@type\":\"WebSite\",\"@id\":\"https:\\\/\\\/wellisparts.com\\\/hu\\\/#website\",\"url\":\"https:\\\/\\\/wellisparts.com\\\/hu\\\/\",\"name\":\"Wellisparts\",\"description\":\"Wellis alkatr\u00e9sz \u00e9s kieg\u00e9sz\u00edt\u0151 webshop\",\"publisher\":{\"@id\":\"https:\\\/\\\/wellisparts.com\\\/hu\\\/#organization\"},\"potentialAction\":[{\"@type\":\"SearchAction\",\"target\":{\"@type\":\"EntryPoint\",\"urlTemplate\":\"https:\\\/\\\/wellisparts.com\\\/hu\\\/?s={search_term_string}\"},\"query-input\":{\"@type\":\"PropertyValueSpecification\",\"valueRequired\":true,\"valueName\":\"search_term_string\"}}],\"inLanguage\":\"hu\"},{\"@type\":\"Organization\",\"@id\":\"https:\\\/\\\/wellisparts.com\\\/hu\\\/#organization\",\"name\":\"Wellis\",\"url\":\"https:\\\/\\\/wellisparts.com\\\/hu\\\/\",\"logo\":{\"@type\":\"ImageObject\",\"inLanguage\":\"hu\",\"@id\":\"https:\\\/\\\/wellisparts.com\\\/hu\\\/#\\\/schema\\\/logo\\\/image\\\/\",\"url\":\"https:\\\/\\\/wellisparts.com\\\/wp-content\\\/uploads\\\/2020\\\/04\\\/wellis-logo-gray-300x92-1.png\",\"contentUrl\":\"https:\\\/\\\/wellisparts.com\\\/wp-content\\\/uploads\\\/2020\\\/04\\\/wellis-logo-gray-300x92-1.png\",\"width\":300,\"height\":92,\"caption\":\"Wellis\"},\"image\":{\"@id\":\"https:\\\/\\\/wellisparts.com\\\/hu\\\/#\\\/schema\\\/logo\\\/image\\\/\"},\"sameAs\":[\"https:\\\/\\\/www.facebook.com\\\/wellis.eu\",\"https:\\\/\\\/www.instagram.com\\\/wellis.spa\\\/\",\"https:\\\/\\\/www.linkedin.com\\\/company\\\/wellis\",\"https:\\\/\\\/www.youtube.com\\\/channel\\\/UCBfTfURbofhapZionQfC-Gg\"]}]}<\/script>\n<!-- \/ Yoast SEO Premium plugin. -->","yoast_head_json":{"title":"Aj\u00e1nlatk\u00e9r\u00e9s elk\u00fcldve | Wellisparts","robots":{"index":"index","follow":"follow","max-snippet":"max-snippet:-1","max-image-preview":"max-image-preview:large","max-video-preview":"max-video-preview:-1"},"canonical":"https:\/\/wellisparts.com\/hu\/ajanlatkeres\/ajanlatkeres-elkuldve\/","og_locale":"hu_HU","og_type":"article","og_title":"Aj\u00e1nlatk\u00e9r\u00e9s elk\u00fcldve","og_description":"[vc_row full_height=&#8221;yes&#8221; content_placement=&#8221;middle&#8221;][vc_column text_align=&#8221;center&#8221;][vc_column_text] Aj\u00e1nlatk\u00e9r\u00e9s sikeresen elk\u00fcldve. 2 munkanapon bel\u00fcl keresni fogjuk. [\/vc_column_text][vc_empty_space][vc_btn title=&#8221;Vissza a f\u0151oldalra&#8221; i_icon_fontawesome=&#8221;fas fa-long-arrow-alt-left&#8221; add_icon=&#8221;true&#8221; link=&#8221;url:https%3A%2F%2Fwellisparts.com%2Fhu%2F|title:F%C5%91oldal&#8221;][\/vc_column][\/vc_row]","og_url":"https:\/\/wellisparts.com\/hu\/ajanlatkeres\/ajanlatkeres-elkuldve\/","og_site_name":"Wellisparts","article_publisher":"https:\/\/www.facebook.com\/wellis.eu","article_modified_time":"2022-09-02T12:21:33+00:00","og_image":[{"width":1080,"height":1080,"url":"https:\/\/wellisparts.com\/wp-content\/uploads\/2020\/04\/wellis-hot-tube.jpg","type":"image\/jpeg"}],"twitter_card":"summary_large_image","twitter_misc":{"Becs\u00fclt olvas\u00e1si id\u0151":"1 perc"},"schema":{"@context":"https:\/\/schema.org","@graph":[{"@type":"WebPage","@id":"https:\/\/wellisparts.com\/hu\/ajanlatkeres\/ajanlatkeres-elkuldve\/","url":"https:\/\/wellisparts.com\/hu\/ajanlatkeres\/ajanlatkeres-elkuldve\/","name":"Aj\u00e1nlatk\u00e9r\u00e9s elk\u00fcldve | Wellisparts","isPartOf":{"@id":"https:\/\/wellisparts.com\/hu\/#website"},"datePublished":"2022-05-13T15:30:11+00:00","dateModified":"2022-09-02T12:21:33+00:00","breadcrumb":{"@id":"https:\/\/wellisparts.com\/hu\/ajanlatkeres\/ajanlatkeres-elkuldve\/#breadcrumb"},"inLanguage":"hu","potentialAction":[{"@type":"ReadAction","target":["https:\/\/wellisparts.com\/hu\/ajanlatkeres\/ajanlatkeres-elkuldve\/"]}]},{"@type":"BreadcrumbList","@id":"https:\/\/wellisparts.com\/hu\/ajanlatkeres\/ajanlatkeres-elkuldve\/#breadcrumb","itemListElement":[{"@type":"ListItem","position":1,"name":"Home","item":"https:\/\/wellisparts.com\/hu\/"},{"@type":"ListItem","position":2,"name":"Aj\u00e1nlatk\u00e9r\u00e9s","item":"https:\/\/wellisparts.com\/hu\/ajanlatkeres\/"},{"@type":"ListItem","position":3,"name":"Aj\u00e1nlatk\u00e9r\u00e9s elk\u00fcldve"}]},{"@type":"WebSite","@id":"https:\/\/wellisparts.com\/hu\/#website","url":"https:\/\/wellisparts.com\/hu\/","name":"Wellisparts","description":"Wellis alkatr\u00e9sz \u00e9s kieg\u00e9sz\u00edt\u0151 webshop","publisher":{"@id":"https:\/\/wellisparts.com\/hu\/#organization"},"potentialAction":[{"@type":"SearchAction","target":{"@type":"EntryPoint","urlTemplate":"https:\/\/wellisparts.com\/hu\/?s={search_term_string}"},"query-input":{"@type":"PropertyValueSpecification","valueRequired":true,"valueName":"search_term_string"}}],"inLanguage":"hu"},{"@type":"Organization","@id":"https:\/\/wellisparts.com\/hu\/#organization","name":"Wellis","url":"https:\/\/wellisparts.com\/hu\/","logo":{"@type":"ImageObject","inLanguage":"hu","@id":"https:\/\/wellisparts.com\/hu\/#\/schema\/logo\/image\/","url":"https:\/\/wellisparts.com\/wp-content\/uploads\/2020\/04\/wellis-logo-gray-300x92-1.png","contentUrl":"https:\/\/wellisparts.com\/wp-content\/uploads\/2020\/04\/wellis-logo-gray-300x92-1.png","width":300,"height":92,"caption":"Wellis"},"image":{"@id":"https:\/\/wellisparts.com\/hu\/#\/schema\/logo\/image\/"},"sameAs":["https:\/\/www.facebook.com\/wellis.eu","https:\/\/www.instagram.com\/wellis.spa\/","https:\/\/www.linkedin.com\/company\/wellis","https:\/\/www.youtube.com\/channel\/UCBfTfURbofhapZionQfC-Gg"]}]}},"_links":{"self":[{"href":"https:\/\/wellisparts.com\/hu\/wp-json\/wp\/v2\/pages\/40109","targetHints":{"allow":["GET"]}}],"collection":[{"href":"https:\/\/wellisparts.com\/hu\/wp-json\/wp\/v2\/pages"}],"about":[{"href":"https:\/\/wellisparts.com\/hu\/wp-json\/wp\/v2\/types\/page"}],"author":[{"embeddable":true,"href":"https:\/\/wellisparts.com\/hu\/wp-json\/wp\/v2\/users\/324"}],"replies":[{"embeddable":true,"href":"https:\/\/wellisparts.com\/hu\/wp-json\/wp\/v2\/comments?post=40109"}],"version-history":[{"count":5,"href":"https:\/\/wellisparts.com\/hu\/wp-json\/wp\/v2\/pages\/40109\/revisions"}],"predecessor-version":[{"id":40223,"href":"https:\/\/wellisparts.com\/hu\/wp-json\/wp\/v2\/pages\/40109\/revisions\/40223"}],"up":[{"embeddable":true,"href":"https:\/\/wellisparts.com\/hu\/wp-json\/wp\/v2\/pages\/2882"}],"wp:attachment":[{"href":"https:\/\/wellisparts.com\/hu\/wp-json\/wp\/v2\/media?parent=40109"}],"curies":[{"name":"wp","href":"https:\/\/api.w.org\/{rel}","templated":true}]}}