{"id":11444,"date":"2021-12-15T10:23:56","date_gmt":"2021-12-15T09:23:56","guid":{"rendered":"https:\/\/wellisparts.com\/products\/nem-kategorizalt\/hangszoro-hemlock-szaunahoz\/"},"modified":"2025-08-05T02:08:57","modified_gmt":"2025-08-05T00:08:57","slug":"asz0212","status":"publish","type":"product","link":"https:\/\/wellisparts.com\/hu\/shop\/asz0212\/","title":{"rendered":"Hangsz\u00f3r\u00f3 Hemlock szaun\u00e1hoz"},"content":{"rendered":"<p>Hangsz\u00f3r\u00f3 Hemlock szaun\u00e1hoz<\/p>\n","protected":false},"excerpt":{"rendered":"<p>Hangsz\u00f3r\u00f3 Hemlock szaun\u00e1hoz &#8211; Szauna alkatr\u00e9szek &#8211; infra<\/p>\n","protected":false},"featured_media":37874,"template":"","meta":{"_acf_changed":false},"product_brand":[],"product_cat":[1231,1230],"product_tag":[],"class_list":{"0":"post-11444","1":"product","2":"type-product","3":"status-publish","4":"has-post-thumbnail","6":"product_cat-infraszauna","7":"product_cat-szauna-alkatreszek","9":"first","10":"instock","11":"taxable","12":"shipping-taxable","13":"purchasable","14":"product-type-simple"},"acf":[],"yoast_head":"<!-- This site is optimized with the Yoast SEO Premium plugin v27.3 (Yoast SEO v27.3) - https:\/\/yoast.com\/product\/yoast-seo-premium-wordpress\/ -->\n<title>Hangsz\u00f3r\u00f3 Hemlock szaun\u00e1hoz | Wellisparts<\/title>\n<meta name=\"description\" content=\"Hangsz\u00f3r\u00f3 Hemlock szaun\u00e1hoz - Szauna alkatr\u00e9szek - infra\" \/>\n<meta name=\"robots\" content=\"index, follow, max-snippet:-1, max-image-preview:large, max-video-preview:-1\" \/>\n<link rel=\"canonical\" href=\"https:\/\/wellisparts.com\/hu\/shop\/asz0212\/\" \/>\n<meta property=\"og:locale\" content=\"hu_HU\" \/>\n<meta property=\"og:type\" content=\"article\" \/>\n<meta property=\"og:title\" content=\"Hangsz\u00f3r\u00f3 Hemlock szaun\u00e1hoz\" \/>\n<meta property=\"og:description\" content=\"Hangsz\u00f3r\u00f3 Hemlock szaun\u00e1hoz - Szauna alkatr\u00e9szek - infra\" \/>\n<meta property=\"og:url\" content=\"https:\/\/wellisparts.com\/hu\/shop\/asz0212\/\" \/>\n<meta property=\"og:site_name\" content=\"Wellisparts\" \/>\n<meta property=\"article:publisher\" content=\"https:\/\/www.facebook.com\/wellis.eu\" \/>\n<meta property=\"article:modified_time\" content=\"2025-08-05T00:08:57+00:00\" \/>\n<meta property=\"og:image\" content=\"https:\/\/wellisparts.com\/wp-content\/uploads\/2022\/01\/ASZ0212_1.jpeg\" \/>\n\t<meta property=\"og:image:width\" content=\"800\" \/>\n\t<meta property=\"og:image:height\" content=\"800\" \/>\n\t<meta property=\"og:image:type\" content=\"image\/jpeg\" \/>\n<meta name=\"twitter:card\" content=\"summary_large_image\" \/>\n<meta name=\"twitter:label1\" content=\"\u00c1r\" \/>\n\t<meta name=\"twitter:data1\" content=\"12 028&nbsp;&#070;&#116; +\u00c1FA\" \/>\n\t<meta name=\"twitter:label2\" content=\"El\u00e9rhet\u0151s\u00e9g\" \/>\n\t<meta name=\"twitter:data2\" content=\"K\u00e9szleten\" \/>\n<script type=\"application\/ld+json\" class=\"yoast-schema-graph\">{\"@context\":\"https:\\\/\\\/schema.org\",\"@graph\":[{\"@type\":\"WebPage\",\"@id\":\"https:\\\/\\\/wellisparts.com\\\/hu\\\/shop\\\/asz0212\\\/\",\"url\":\"https:\\\/\\\/wellisparts.com\\\/hu\\\/shop\\\/asz0212\\\/\",\"name\":\"Hangsz\u00f3r\u00f3 Hemlock szaun\u00e1hoz | Wellisparts\",\"isPartOf\":{\"@id\":\"https:\\\/\\\/wellisparts.com\\\/hu\\\/#website\"},\"primaryImageOfPage\":{\"@id\":\"https:\\\/\\\/wellisparts.com\\\/hu\\\/shop\\\/asz0212\\\/#primaryimage\"},\"image\":{\"@id\":\"https:\\\/\\\/wellisparts.com\\\/hu\\\/shop\\\/asz0212\\\/#primaryimage\"},\"thumbnailUrl\":\"https:\\\/\\\/wellisparts.com\\\/wp-content\\\/uploads\\\/2022\\\/01\\\/ASZ0212_1.jpeg\",\"datePublished\":\"2021-12-15T09:23:56+00:00\",\"dateModified\":\"2025-08-05T00:08:57+00:00\",\"description\":\"Hangsz\u00f3r\u00f3 Hemlock szaun\u00e1hoz - Szauna alkatr\u00e9szek - infra\",\"breadcrumb\":{\"@id\":\"https:\\\/\\\/wellisparts.com\\\/hu\\\/shop\\\/asz0212\\\/#breadcrumb\"},\"inLanguage\":\"hu\",\"potentialAction\":[{\"@type\":\"ReadAction\",\"target\":[\"https:\\\/\\\/wellisparts.com\\\/hu\\\/shop\\\/asz0212\\\/\"]}]},{\"@type\":\"ImageObject\",\"inLanguage\":\"hu\",\"@id\":\"https:\\\/\\\/wellisparts.com\\\/hu\\\/shop\\\/asz0212\\\/#primaryimage\",\"url\":\"https:\\\/\\\/wellisparts.com\\\/wp-content\\\/uploads\\\/2022\\\/01\\\/ASZ0212_1.jpeg\",\"contentUrl\":\"https:\\\/\\\/wellisparts.com\\\/wp-content\\\/uploads\\\/2022\\\/01\\\/ASZ0212_1.jpeg\",\"width\":800,\"height\":800},{\"@type\":\"BreadcrumbList\",\"@id\":\"https:\\\/\\\/wellisparts.com\\\/hu\\\/shop\\\/asz0212\\\/#breadcrumb\",\"itemListElement\":[{\"@type\":\"ListItem\",\"position\":1,\"name\":\"Home\",\"item\":\"https:\\\/\\\/wellisparts.com\\\/hu\\\/\"},{\"@type\":\"ListItem\",\"position\":2,\"name\":\"Term\u00e9kek\",\"item\":\"https:\\\/\\\/wellisparts.com\\\/hu\\\/shop\\\/\"},{\"@type\":\"ListItem\",\"position\":3,\"name\":\"Hangsz\u00f3r\u00f3 Hemlock szaun\u00e1hoz\"}]},{\"@type\":\"WebSite\",\"@id\":\"https:\\\/\\\/wellisparts.com\\\/hu\\\/#website\",\"url\":\"https:\\\/\\\/wellisparts.com\\\/hu\\\/\",\"name\":\"Wellisparts\",\"description\":\"Wellis alkatr\u00e9sz \u00e9s kieg\u00e9sz\u00edt\u0151 webshop\",\"publisher\":{\"@id\":\"https:\\\/\\\/wellisparts.com\\\/hu\\\/#organization\"},\"potentialAction\":[{\"@type\":\"SearchAction\",\"target\":{\"@type\":\"EntryPoint\",\"urlTemplate\":\"https:\\\/\\\/wellisparts.com\\\/hu\\\/?s={search_term_string}\"},\"query-input\":{\"@type\":\"PropertyValueSpecification\",\"valueRequired\":true,\"valueName\":\"search_term_string\"}}],\"inLanguage\":\"hu\"},{\"@type\":\"Organization\",\"@id\":\"https:\\\/\\\/wellisparts.com\\\/hu\\\/#organization\",\"name\":\"Wellis\",\"url\":\"https:\\\/\\\/wellisparts.com\\\/hu\\\/\",\"logo\":{\"@type\":\"ImageObject\",\"inLanguage\":\"hu\",\"@id\":\"https:\\\/\\\/wellisparts.com\\\/hu\\\/#\\\/schema\\\/logo\\\/image\\\/\",\"url\":\"https:\\\/\\\/wellisparts.com\\\/wp-content\\\/uploads\\\/2020\\\/04\\\/wellis-logo-gray-300x92-1.png\",\"contentUrl\":\"https:\\\/\\\/wellisparts.com\\\/wp-content\\\/uploads\\\/2020\\\/04\\\/wellis-logo-gray-300x92-1.png\",\"width\":300,\"height\":92,\"caption\":\"Wellis\"},\"image\":{\"@id\":\"https:\\\/\\\/wellisparts.com\\\/hu\\\/#\\\/schema\\\/logo\\\/image\\\/\"},\"sameAs\":[\"https:\\\/\\\/www.facebook.com\\\/wellis.eu\",\"https:\\\/\\\/www.instagram.com\\\/wellis.spa\\\/\",\"https:\\\/\\\/www.linkedin.com\\\/company\\\/wellis\",\"https:\\\/\\\/www.youtube.com\\\/channel\\\/UCBfTfURbofhapZionQfC-Gg\"]}]}<\/script>\n<meta property=\"product:price:amount\" content=\"12028\" \/>\n<meta property=\"product:price:currency\" content=\"HUF\" \/>\n<meta property=\"og:availability\" content=\"instock\" \/>\n<meta property=\"product:availability\" content=\"instock\" \/>\n<meta property=\"product:retailer_item_id\" content=\"ASZ0212\" \/>\n<meta property=\"product:condition\" content=\"new\" \/>\n<!-- \/ Yoast SEO Premium plugin. -->","yoast_head_json":{"title":"Hangsz\u00f3r\u00f3 Hemlock szaun\u00e1hoz | Wellisparts","description":"Hangsz\u00f3r\u00f3 Hemlock szaun\u00e1hoz - Szauna alkatr\u00e9szek - infra","robots":{"index":"index","follow":"follow","max-snippet":"max-snippet:-1","max-image-preview":"max-image-preview:large","max-video-preview":"max-video-preview:-1"},"canonical":"https:\/\/wellisparts.com\/hu\/shop\/asz0212\/","og_locale":"hu_HU","og_type":"article","og_title":"Hangsz\u00f3r\u00f3 Hemlock szaun\u00e1hoz","og_description":"Hangsz\u00f3r\u00f3 Hemlock szaun\u00e1hoz - Szauna alkatr\u00e9szek - infra","og_url":"https:\/\/wellisparts.com\/hu\/shop\/asz0212\/","og_site_name":"Wellisparts","article_publisher":"https:\/\/www.facebook.com\/wellis.eu","article_modified_time":"2025-08-05T00:08:57+00:00","og_image":[{"width":800,"height":800,"url":"https:\/\/wellisparts.com\/wp-content\/uploads\/2022\/01\/ASZ0212_1.jpeg","type":"image\/jpeg"}],"twitter_card":"summary_large_image","twitter_misc":{"\u00c1r":"12 028&nbsp;&#70;&#116; +\u00c1FA","El\u00e9rhet\u0151s\u00e9g":"K\u00e9szleten"},"schema":{"@context":"https:\/\/schema.org","@graph":[{"@type":"WebPage","@id":"https:\/\/wellisparts.com\/hu\/shop\/asz0212\/","url":"https:\/\/wellisparts.com\/hu\/shop\/asz0212\/","name":"Hangsz\u00f3r\u00f3 Hemlock szaun\u00e1hoz | Wellisparts","isPartOf":{"@id":"https:\/\/wellisparts.com\/hu\/#website"},"primaryImageOfPage":{"@id":"https:\/\/wellisparts.com\/hu\/shop\/asz0212\/#primaryimage"},"image":{"@id":"https:\/\/wellisparts.com\/hu\/shop\/asz0212\/#primaryimage"},"thumbnailUrl":"https:\/\/wellisparts.com\/wp-content\/uploads\/2022\/01\/ASZ0212_1.jpeg","datePublished":"2021-12-15T09:23:56+00:00","dateModified":"2025-08-05T00:08:57+00:00","description":"Hangsz\u00f3r\u00f3 Hemlock szaun\u00e1hoz - Szauna alkatr\u00e9szek - infra","breadcrumb":{"@id":"https:\/\/wellisparts.com\/hu\/shop\/asz0212\/#breadcrumb"},"inLanguage":"hu","potentialAction":[{"@type":"ReadAction","target":["https:\/\/wellisparts.com\/hu\/shop\/asz0212\/"]}]},{"@type":"ImageObject","inLanguage":"hu","@id":"https:\/\/wellisparts.com\/hu\/shop\/asz0212\/#primaryimage","url":"https:\/\/wellisparts.com\/wp-content\/uploads\/2022\/01\/ASZ0212_1.jpeg","contentUrl":"https:\/\/wellisparts.com\/wp-content\/uploads\/2022\/01\/ASZ0212_1.jpeg","width":800,"height":800},{"@type":"BreadcrumbList","@id":"https:\/\/wellisparts.com\/hu\/shop\/asz0212\/#breadcrumb","itemListElement":[{"@type":"ListItem","position":1,"name":"Home","item":"https:\/\/wellisparts.com\/hu\/"},{"@type":"ListItem","position":2,"name":"Term\u00e9kek","item":"https:\/\/wellisparts.com\/hu\/shop\/"},{"@type":"ListItem","position":3,"name":"Hangsz\u00f3r\u00f3 Hemlock szaun\u00e1hoz"}]},{"@type":"WebSite","@id":"https:\/\/wellisparts.com\/hu\/#website","url":"https:\/\/wellisparts.com\/hu\/","name":"Wellisparts","description":"Wellis alkatr\u00e9sz \u00e9s kieg\u00e9sz\u00edt\u0151 webshop","publisher":{"@id":"https:\/\/wellisparts.com\/hu\/#organization"},"potentialAction":[{"@type":"SearchAction","target":{"@type":"EntryPoint","urlTemplate":"https:\/\/wellisparts.com\/hu\/?s={search_term_string}"},"query-input":{"@type":"PropertyValueSpecification","valueRequired":true,"valueName":"search_term_string"}}],"inLanguage":"hu"},{"@type":"Organization","@id":"https:\/\/wellisparts.com\/hu\/#organization","name":"Wellis","url":"https:\/\/wellisparts.com\/hu\/","logo":{"@type":"ImageObject","inLanguage":"hu","@id":"https:\/\/wellisparts.com\/hu\/#\/schema\/logo\/image\/","url":"https:\/\/wellisparts.com\/wp-content\/uploads\/2020\/04\/wellis-logo-gray-300x92-1.png","contentUrl":"https:\/\/wellisparts.com\/wp-content\/uploads\/2020\/04\/wellis-logo-gray-300x92-1.png","width":300,"height":92,"caption":"Wellis"},"image":{"@id":"https:\/\/wellisparts.com\/hu\/#\/schema\/logo\/image\/"},"sameAs":["https:\/\/www.facebook.com\/wellis.eu","https:\/\/www.instagram.com\/wellis.spa\/","https:\/\/www.linkedin.com\/company\/wellis","https:\/\/www.youtube.com\/channel\/UCBfTfURbofhapZionQfC-Gg"]}]},"product_price_amount":"12028","product_price_currency":"HUF","og_availability":"instock","product_availability":"instock","product_retailer_item_id":"ASZ0212","product_condition":"new"},"_links":{"self":[{"href":"https:\/\/wellisparts.com\/hu\/wp-json\/wp\/v2\/product\/11444","targetHints":{"allow":["GET"]}}],"collection":[{"href":"https:\/\/wellisparts.com\/hu\/wp-json\/wp\/v2\/product"}],"about":[{"href":"https:\/\/wellisparts.com\/hu\/wp-json\/wp\/v2\/types\/product"}],"wp:featuredmedia":[{"embeddable":true,"href":"https:\/\/wellisparts.com\/hu\/wp-json\/wp\/v2\/media\/37874"}],"wp:attachment":[{"href":"https:\/\/wellisparts.com\/hu\/wp-json\/wp\/v2\/media?parent=11444"}],"wp:term":[{"taxonomy":"product_brand","embeddable":true,"href":"https:\/\/wellisparts.com\/hu\/wp-json\/wp\/v2\/product_brand?post=11444"},{"taxonomy":"product_cat","embeddable":true,"href":"https:\/\/wellisparts.com\/hu\/wp-json\/wp\/v2\/product_cat?post=11444"},{"taxonomy":"product_tag","embeddable":true,"href":"https:\/\/wellisparts.com\/hu\/wp-json\/wp\/v2\/product_tag?post=11444"}],"curies":[{"name":"wp","href":"https:\/\/api.w.org\/{rel}","templated":true}]}}